{"id":8,"date":"2024-12-16T16:38:30","date_gmt":"2024-12-16T15:38:30","guid":{"rendered":"https:\/\/www.hunderettung-rumaenien.de\/?page_id=8"},"modified":"2025-01-03T10:17:45","modified_gmt":"2025-01-03T09:17:45","slug":"herzlich-willkommenauf-hunderettung-rumaenien","status":"publish","type":"page","link":"https:\/\/www.hunderettung-rumaenien.de\/","title":{"rendered":"Herzlich Willkommen auf Hunderettung Rum\u00e4nien"},"content":{"rendered":"\r\n<p>Unterst\u00fctzen Sie nicht das Leid der Tier, durch die die Hundemafia Millionen verdient! Retten Sie einen Tierheimhund! Danke im Namen der Tiere!<\/p>\r\n\r\n\r\n\r\n<p>Viele arme Seelchen warten hier im Tierheim sehns\u00fcchtig auf ein eigenes Zuhause, doch f\u00fcr die wenigsten wird dieser Wunsch in Erf\u00fcllung gehen. Selbstverst\u00e4ndlich sind alle Hunde geimpft, gechipt, kastriert und w\u00fcrden nach Vorstellung beim Veterin\u00e4ramt mit g\u00fcltigen Reiseunterlagen nach Deutschland reisen.<\/p>\r\n","protected":false},"excerpt":{"rendered":"<p>Unterst\u00fctzen Sie nicht das Leid der Tier, durch die die Hundemafia Millionen verdient! Retten Sie einen Tierheimhund! Danke im Namen der Tiere! Viele arme Seelchen warten hier im Tierheim sehns\u00fcchtig auf ein eigenes Zuhause, doch f\u00fcr die wenigsten wird dieser Wunsch in Erf\u00fcllung gehen. Selbstverst\u00e4ndlich sind alle Hunde geimpft, gechipt, kastriert und w\u00fcrden nach Vorstellung [&hellip;]<\/p>\n","protected":false},"author":1,"featured_media":12,"parent":0,"menu_order":0,"comment_status":"closed","ping_status":"closed","template":"","meta":{"_acf_changed":false,"inline_featured_image":false,"_genesis_hide_title":false,"_genesis_hide_breadcrumbs":false,"_genesis_hide_singular_image":false,"_genesis_hide_footer_widgets":false,"_genesis_custom_body_class":"","_genesis_custom_post_class":"","_genesis_layout":"","footnotes":""},"class_list":{"0":"post-8","1":"page","2":"type-page","3":"status-publish","4":"has-post-thumbnail","6":"entry"},"acf":[],"yoast_head":"<!-- This site is optimized with the Yoast SEO plugin v24.1 - https:\/\/yoast.com\/wordpress\/plugins\/seo\/ -->\n<title>Herzlich Willkommen auf Hunderettung Rum\u00e4nien - Hunderettung Rum\u00e4nien<\/title>\n<meta name=\"robots\" content=\"index, follow, max-snippet:-1, max-image-preview:large, max-video-preview:-1\" \/>\n<link rel=\"canonical\" href=\"https:\/\/www.hunderettung-rumaenien.de\/\" \/>\n<meta property=\"og:locale\" content=\"de_DE\" \/>\n<meta property=\"og:type\" content=\"article\" \/>\n<meta property=\"og:title\" content=\"Herzlich Willkommen auf Hunderettung Rum\u00e4nien - Hunderettung Rum\u00e4nien\" \/>\n<meta property=\"og:description\" content=\"Unterst\u00fctzen Sie nicht das Leid der Tier, durch die die Hundemafia Millionen verdient! Retten Sie einen Tierheimhund! Danke im Namen der Tiere! Viele arme Seelchen warten hier im Tierheim sehns\u00fcchtig auf ein eigenes Zuhause, doch f\u00fcr die wenigsten wird dieser Wunsch in Erf\u00fcllung gehen. Selbstverst\u00e4ndlich sind alle Hunde geimpft, gechipt, kastriert und w\u00fcrden nach Vorstellung [&hellip;]\" \/>\n<meta property=\"og:url\" content=\"https:\/\/www.hunderettung-rumaenien.de\/\" \/>\n<meta property=\"og:site_name\" content=\"Hunderettung Rum\u00e4nien\" \/>\n<meta property=\"article:modified_time\" content=\"2025-01-03T09:17:45+00:00\" \/>\n<meta property=\"og:image\" content=\"https:\/\/www.hunderettung-rumaenien.de\/wp-content\/uploads\/2024\/12\/Unbenannt.jpg\" \/>\n\t<meta property=\"og:image:width\" content=\"2040\" \/>\n\t<meta property=\"og:image:height\" content=\"1530\" \/>\n\t<meta property=\"og:image:type\" content=\"image\/jpeg\" \/>\n<meta name=\"twitter:card\" content=\"summary_large_image\" \/>\n<meta name=\"twitter:label1\" content=\"Gesch\u00e4tzte Lesezeit\" \/>\n\t<meta name=\"twitter:data1\" content=\"1\u00a0Minute\" \/>\n<script type=\"application\/ld+json\" class=\"yoast-schema-graph\">{\"@context\":\"https:\/\/schema.org\",\"@graph\":[{\"@type\":\"WebPage\",\"@id\":\"https:\/\/www.hunderettung-rumaenien.de\/\",\"url\":\"https:\/\/www.hunderettung-rumaenien.de\/\",\"name\":\"Herzlich Willkommen auf Hunderettung Rum\u00e4nien - Hunderettung Rum\u00e4nien\",\"isPartOf\":{\"@id\":\"https:\/\/www.hunderettung-rumaenien.de\/#website\"},\"primaryImageOfPage\":{\"@id\":\"https:\/\/www.hunderettung-rumaenien.de\/#primaryimage\"},\"image\":{\"@id\":\"https:\/\/www.hunderettung-rumaenien.de\/#primaryimage\"},\"thumbnailUrl\":\"https:\/\/www.hunderettung-rumaenien.de\/wp-content\/uploads\/2024\/12\/Unbenannt.jpg\",\"datePublished\":\"2024-12-16T15:38:30+00:00\",\"dateModified\":\"2025-01-03T09:17:45+00:00\",\"breadcrumb\":{\"@id\":\"https:\/\/www.hunderettung-rumaenien.de\/#breadcrumb\"},\"inLanguage\":\"de\",\"potentialAction\":[{\"@type\":\"ReadAction\",\"target\":[\"https:\/\/www.hunderettung-rumaenien.de\/\"]}]},{\"@type\":\"ImageObject\",\"inLanguage\":\"de\",\"@id\":\"https:\/\/www.hunderettung-rumaenien.de\/#primaryimage\",\"url\":\"https:\/\/www.hunderettung-rumaenien.de\/wp-content\/uploads\/2024\/12\/Unbenannt.jpg\",\"contentUrl\":\"https:\/\/www.hunderettung-rumaenien.de\/wp-content\/uploads\/2024\/12\/Unbenannt.jpg\",\"width\":2040,\"height\":1530,\"caption\":\"Welpen im Tierheim\"},{\"@type\":\"BreadcrumbList\",\"@id\":\"https:\/\/www.hunderettung-rumaenien.de\/#breadcrumb\",\"itemListElement\":[{\"@type\":\"ListItem\",\"position\":1,\"name\":\"Startseite\",\"item\":\"https:\/\/www.hunderettung-rumaenien.de\/\"},{\"@type\":\"ListItem\",\"position\":2,\"name\":\"Herzlich Willkommen auf Hunderettung Rum\u00e4nien\"}]},{\"@type\":\"WebSite\",\"@id\":\"https:\/\/www.hunderettung-rumaenien.de\/#website\",\"url\":\"https:\/\/www.hunderettung-rumaenien.de\/\",\"name\":\"Hunderettung Rum\u00e4nien\",\"description\":\"\",\"publisher\":{\"@id\":\"https:\/\/www.hunderettung-rumaenien.de\/#organization\"},\"potentialAction\":[{\"@type\":\"SearchAction\",\"target\":{\"@type\":\"EntryPoint\",\"urlTemplate\":\"https:\/\/www.hunderettung-rumaenien.de\/?s={search_term_string}\"},\"query-input\":{\"@type\":\"PropertyValueSpecification\",\"valueRequired\":true,\"valueName\":\"search_term_string\"}}],\"inLanguage\":\"de\"},{\"@type\":\"Organization\",\"@id\":\"https:\/\/www.hunderettung-rumaenien.de\/#organization\",\"name\":\"Hunderettung Rum\u00e4nien\",\"url\":\"https:\/\/www.hunderettung-rumaenien.de\/\",\"logo\":{\"@type\":\"ImageObject\",\"inLanguage\":\"de\",\"@id\":\"https:\/\/www.hunderettung-rumaenien.de\/#\/schema\/logo\/image\/\",\"url\":\"https:\/\/www.hunderettung-rumaenien.de\/wp-content\/uploads\/2025\/01\/logo-1.png\",\"contentUrl\":\"https:\/\/www.hunderettung-rumaenien.de\/wp-content\/uploads\/2025\/01\/logo-1.png\",\"width\":539,\"height\":65,\"caption\":\"Hunderettung Rum\u00e4nien\"},\"image\":{\"@id\":\"https:\/\/www.hunderettung-rumaenien.de\/#\/schema\/logo\/image\/\"}}]}<\/script>\n<!-- \/ Yoast SEO plugin. -->","yoast_head_json":{"title":"Herzlich Willkommen auf Hunderettung Rum\u00e4nien - Hunderettung Rum\u00e4nien","robots":{"index":"index","follow":"follow","max-snippet":"max-snippet:-1","max-image-preview":"max-image-preview:large","max-video-preview":"max-video-preview:-1"},"canonical":"https:\/\/www.hunderettung-rumaenien.de\/","og_locale":"de_DE","og_type":"article","og_title":"Herzlich Willkommen auf Hunderettung Rum\u00e4nien - Hunderettung Rum\u00e4nien","og_description":"Unterst\u00fctzen Sie nicht das Leid der Tier, durch die die Hundemafia Millionen verdient! Retten Sie einen Tierheimhund! Danke im Namen der Tiere! Viele arme Seelchen warten hier im Tierheim sehns\u00fcchtig auf ein eigenes Zuhause, doch f\u00fcr die wenigsten wird dieser Wunsch in Erf\u00fcllung gehen. Selbstverst\u00e4ndlich sind alle Hunde geimpft, gechipt, kastriert und w\u00fcrden nach Vorstellung [&hellip;]","og_url":"https:\/\/www.hunderettung-rumaenien.de\/","og_site_name":"Hunderettung Rum\u00e4nien","article_modified_time":"2025-01-03T09:17:45+00:00","og_image":[{"width":2040,"height":1530,"url":"https:\/\/www.hunderettung-rumaenien.de\/wp-content\/uploads\/2024\/12\/Unbenannt.jpg","type":"image\/jpeg"}],"twitter_card":"summary_large_image","twitter_misc":{"Gesch\u00e4tzte Lesezeit":"1\u00a0Minute"},"schema":{"@context":"https:\/\/schema.org","@graph":[{"@type":"WebPage","@id":"https:\/\/www.hunderettung-rumaenien.de\/","url":"https:\/\/www.hunderettung-rumaenien.de\/","name":"Herzlich Willkommen auf Hunderettung Rum\u00e4nien - Hunderettung Rum\u00e4nien","isPartOf":{"@id":"https:\/\/www.hunderettung-rumaenien.de\/#website"},"primaryImageOfPage":{"@id":"https:\/\/www.hunderettung-rumaenien.de\/#primaryimage"},"image":{"@id":"https:\/\/www.hunderettung-rumaenien.de\/#primaryimage"},"thumbnailUrl":"https:\/\/www.hunderettung-rumaenien.de\/wp-content\/uploads\/2024\/12\/Unbenannt.jpg","datePublished":"2024-12-16T15:38:30+00:00","dateModified":"2025-01-03T09:17:45+00:00","breadcrumb":{"@id":"https:\/\/www.hunderettung-rumaenien.de\/#breadcrumb"},"inLanguage":"de","potentialAction":[{"@type":"ReadAction","target":["https:\/\/www.hunderettung-rumaenien.de\/"]}]},{"@type":"ImageObject","inLanguage":"de","@id":"https:\/\/www.hunderettung-rumaenien.de\/#primaryimage","url":"https:\/\/www.hunderettung-rumaenien.de\/wp-content\/uploads\/2024\/12\/Unbenannt.jpg","contentUrl":"https:\/\/www.hunderettung-rumaenien.de\/wp-content\/uploads\/2024\/12\/Unbenannt.jpg","width":2040,"height":1530,"caption":"Welpen im Tierheim"},{"@type":"BreadcrumbList","@id":"https:\/\/www.hunderettung-rumaenien.de\/#breadcrumb","itemListElement":[{"@type":"ListItem","position":1,"name":"Startseite","item":"https:\/\/www.hunderettung-rumaenien.de\/"},{"@type":"ListItem","position":2,"name":"Herzlich Willkommen auf Hunderettung Rum\u00e4nien"}]},{"@type":"WebSite","@id":"https:\/\/www.hunderettung-rumaenien.de\/#website","url":"https:\/\/www.hunderettung-rumaenien.de\/","name":"Hunderettung Rum\u00e4nien","description":"","publisher":{"@id":"https:\/\/www.hunderettung-rumaenien.de\/#organization"},"potentialAction":[{"@type":"SearchAction","target":{"@type":"EntryPoint","urlTemplate":"https:\/\/www.hunderettung-rumaenien.de\/?s={search_term_string}"},"query-input":{"@type":"PropertyValueSpecification","valueRequired":true,"valueName":"search_term_string"}}],"inLanguage":"de"},{"@type":"Organization","@id":"https:\/\/www.hunderettung-rumaenien.de\/#organization","name":"Hunderettung Rum\u00e4nien","url":"https:\/\/www.hunderettung-rumaenien.de\/","logo":{"@type":"ImageObject","inLanguage":"de","@id":"https:\/\/www.hunderettung-rumaenien.de\/#\/schema\/logo\/image\/","url":"https:\/\/www.hunderettung-rumaenien.de\/wp-content\/uploads\/2025\/01\/logo-1.png","contentUrl":"https:\/\/www.hunderettung-rumaenien.de\/wp-content\/uploads\/2025\/01\/logo-1.png","width":539,"height":65,"caption":"Hunderettung Rum\u00e4nien"},"image":{"@id":"https:\/\/www.hunderettung-rumaenien.de\/#\/schema\/logo\/image\/"}}]}},"_links":{"self":[{"href":"https:\/\/www.hunderettung-rumaenien.de\/index.php\/wp-json\/wp\/v2\/pages\/8","targetHints":{"allow":["GET"]}}],"collection":[{"href":"https:\/\/www.hunderettung-rumaenien.de\/index.php\/wp-json\/wp\/v2\/pages"}],"about":[{"href":"https:\/\/www.hunderettung-rumaenien.de\/index.php\/wp-json\/wp\/v2\/types\/page"}],"author":[{"embeddable":true,"href":"https:\/\/www.hunderettung-rumaenien.de\/index.php\/wp-json\/wp\/v2\/users\/1"}],"replies":[{"embeddable":true,"href":"https:\/\/www.hunderettung-rumaenien.de\/index.php\/wp-json\/wp\/v2\/comments?post=8"}],"version-history":[{"count":5,"href":"https:\/\/www.hunderettung-rumaenien.de\/index.php\/wp-json\/wp\/v2\/pages\/8\/revisions"}],"predecessor-version":[{"id":25,"href":"https:\/\/www.hunderettung-rumaenien.de\/index.php\/wp-json\/wp\/v2\/pages\/8\/revisions\/25"}],"wp:featuredmedia":[{"embeddable":true,"href":"https:\/\/www.hunderettung-rumaenien.de\/index.php\/wp-json\/wp\/v2\/media\/12"}],"wp:attachment":[{"href":"https:\/\/www.hunderettung-rumaenien.de\/index.php\/wp-json\/wp\/v2\/media?parent=8"}],"curies":[{"name":"wp","href":"https:\/\/api.w.org\/{rel}","templated":true}]}}